{"id":13,"date":"2016-04-25T11:22:02","date_gmt":"2016-04-25T10:22:02","guid":{"rendered":"http:\/\/lescuriosites.fr\/?page_id=13"},"modified":"2019-12-02T15:53:22","modified_gmt":"2019-12-02T14:53:22","slug":"les-curiosites","status":"publish","type":"page","link":"https:\/\/lescuriosites.fr\/index.php\/accueil\/les-curiosites\/","title":{"rendered":"Qui sommes-nous ?"},"content":{"rendered":"<p>Structure associative bas\u00e9e \u00e0 Montreuil, notre but est d&rsquo;encourager les pratiques artistiques aupr\u00e8s de tous les publics. Nous concevons et animons des <strong>ateliers d&rsquo;expression artistiques et de loisirs<\/strong> destin\u00e9s aux enfants, adultes et adolescents, en allant \u00e0 la rencontre des publics, sur les lieux de vie ou de travail.<\/p>\n<p><strong><span style=\"color: #800000;\">&#8211; Ateliers peinture et arts cr\u00e9atifs :\u00a0 \u00a0 \u00a0<\/span><\/strong><strong><span style=\"color: #800000;\">\u00a0<span style=\"color: #000000;\"><em>#curiosit\u00e9s\u00a0 #cr\u00e9ativit\u00e9\u00a0 #exp\u00e9rimentation<\/em><\/span><\/span><\/strong><\/p>\n<p>Ils visent \u00e0 stimuler curiosit\u00e9, cr\u00e9ativit\u00e9 et exp\u00e9rimentation, dans un esprit toujours ludique et bienveillant ; nous concevons et animons des ateliers r\u00e9guliers ou ponctuels autour de la peinture et des arts cr\u00e9atifs, en partenariat avec des structures du territoire.<\/p>\n<p><span style=\"color: #800000;\"><strong>&#8211; Chantiers participatifs dans l&rsquo;espace public :\u00a0 \u00a0<span style=\"color: #000000;\"><em> #vivre ensemble\u00a0 #lien social<\/em><\/span><\/strong><\/span><\/p>\n<p>Ils s\u2019adressent aux collectivit\u00e9s, copropri\u00e9t\u00e9s et bailleurs sociaux qui ont \u00e0 c\u0153ur de d\u00e9velopper les liens sociaux de proximit\u00e9 et l\u2019appropriation de l\u2019espace public par tous ; nous animons des groupes d\u2019habitants pour d\u00e9corer une entr\u00e9e d\u2019immeuble, un jardin partag\u00e9, un \u00e9quipement public&#8230;<\/p>\n<p><span style=\"color: #800000;\"><strong>&#8211; Projets inter-associatifs :<\/strong><\/span>\u00a0 <span style=\"color: #000000;\"><em><strong>#rencontre des publics\u00a0<\/strong><\/em><\/span><\/p>\n<p class=\"p1\">Nous initions et menons des projets artistiques avec des associations culturelles et \/ou d&rsquo;action sociale du territoire, visant \u00e0 se faire rencontrer des publics ayant peu l&rsquo;occasion de se c\u00f4toyer autour de la peinture, l&rsquo;\u00e9criture, le jeux, etc. ; nous sommes tout particuli\u00e8rement attach\u00e9 aux rencontres artistiques et \u00e0 la cr\u00e9ation collective entre g\u00e9n\u00e9rations.<\/p>\n<p><strong><span style=\"color: #800000;\">&#8211; Animations artistiques en entreprise :\u00a0 \u00a0 <\/span><span style=\"color: #800000;\">\u00a0 \u00a0<span style=\"color: #000000;\"><em>#inspiration\u00a0 \u00a0#convivialit\u00e9\u00a0<\/em><\/span><\/span><\/strong><\/p>\n<p>Elles s\u2019adressent aux entreprises qui souhaitent encourager la bienveillance, l\u2019inspiration et la convivialit\u00e9 au sein de leurs \u00e9quipes\u00a0: animation de groupes de collaborateurs pour imaginer et r\u00e9aliser ensemble la d\u00e9coration d\u2019un hall d\u2019accueil ou d\u2019une salle de r\u00e9union par exemple.<\/p>\n<p><em><strong><span style=\"color: #800000;\">A vos pinceaux\u00a0! <\/span><\/strong><\/em><\/p>\n<p><strong>L&rsquo;\u00e9quipe<\/strong><\/p>\n<ul>\n<li><span style=\"color: #800000;\"><em>Christine, Pr\u00e9sidente<\/em><\/span> &#8211; Amoureuse de voyages et de litt\u00e9rature, sp\u00e9cialiste du conseil en cr\u00e9ativit\u00e9, Christine enseigne le fran\u00e7ais langue \u00e9trang\u00e8re.<\/li>\n<li><span style=\"color: #800000;\"><em>Sophie, Coordinatrice et Animatrice<\/em><\/span> &#8211; Fondatrice de l&rsquo;association en 2016, Sophie est peintre en d\u00e9cors (<a href=\"http:\/\/www.sophiebarriolade.com\">www.sophiebarriolade.com<\/a>). Elle privil\u00e9gie les pratiques artistiques collectives, cr\u00e9atrices de lien.<\/li>\n<li><em><span style=\"color: #800000;\">Sylvie, Animatrice<\/span><\/em> &#8211; Reine de la cr\u00e9ation manuelle, son monde est peupl\u00e9 de poup\u00e9es merveilleuses, insectes en tissus, animaux lumineux et autres souris en laine card\u00e9e\u2026<\/li>\n<li><em><span style=\"color: #800000;\">Zo\u00e9, Animatrice<\/span><\/em> &#8211; Dipl\u00f4m\u00e9e des Beaux Arts de Montpellier, Zo\u00e9 propose une approche pluridisciplinaire des arts. Elle se passionne pour l&rsquo;art contemporain, la photographie et la sc\u00e9nographie.<\/li>\n<li><em><span style=\"color: #800000;\">Fatimata, Tr\u00e9sori\u00e8re<\/span><\/em> &#8211; Styliste montreuilloise, sa boutique-atelier accueille ses propres cr\u00e9ations ainsi que celles d&rsquo;artisans et cr\u00e9ateurs fabriquant en France ou issus du commerce \u00e9quitable.<\/li>\n<\/ul>\n<p><strong><span style=\"text-decoration: underline;\">Nos valeurs et nos engagements<\/span><\/strong><\/p>\n<ul>\n<li><em>Nous croyons que les pratiques artistiques pour tous, \u00e0 tous les \u00e2ges de la vie, sont un moteur de l\u2019\u00e9mancipation de l\u2019individu, un support au service du potentiel cr\u00e9atif, de l\u2019autonomie et du d\u00e9veloppement de chacun ;<\/em><\/li>\n<li><em>Notre pratique nous conduit\u00a0 \u00e0 aller \u00e0 la rencontre de tous les publics, sur les lieux de vie ou de travail, pour partager et nouer des liens autour de propositions cr\u00e9atives.<br \/>\n<\/em><\/li>\n<li><em>Acteur de l\u2019\u00e9conomie sociale et solidaire, notre mod\u00e8le \u00e9conomique s\u2019attache \u00e0 concilier activit\u00e9 \u00e9conomique et utilit\u00e9 sociale, aussi notre offre est-elle accessible au plus grand nombre ;<\/em><\/li>\n<li><em>Nous privil\u00e9gions les outils et mat\u00e9riaux de qualit\u00e9, et utilisons comme supports des objets recycl\u00e9s chin\u00e9s au gr\u00e9 de nos visites dans les ressourceries\u00a0et vide-greniers locaux.<br \/>\n<\/em><\/li>\n<li><em>Nous encourageons la cr\u00e9ation de ponts avec le tissu associatif local en d\u00e9veloppant les coop\u00e9rations artistiques avec des acteurs de disciplines compl\u00e9mentaires.<\/em><\/li>\n<\/ul>\n<p>Les Curiosit\u00e9s Ateliers Cr\u00e9atifs est une association d\u00e9clar\u00e9e loi de 1901 domicili\u00e9e \u00e0 Montreuil sous Bois.<\/p>\n<p><strong><span style=\"text-decoration: underline;\">Ils nous font confiance<\/span><\/strong><\/p>\n<p>L&rsquo;association est soutenue par la <a href=\"http:\/\/www.montreuil.fr\/\">Ville de Montreuil,\u00a0<\/a>ainsi que par le Commissariat Ge\u0301ne\u0301ral a\u0300 l&rsquo;Egalite\u0301 des Territoires (CGET) et Est Ensemble dans le cadre de la Politique de la Ville.<\/p>\n<p>Avec nos\u00a0<strong><span style=\"color: #800000;\">partenaires associatifs locaux<\/span><\/strong>, nous imaginons des projets communs, toujours ludiques et conviviaux, favorisant le mieux vivre ensemble : <a href=\"http:\/\/www.lesaccentstetus.com\/\">Les Accents T\u00eatus<\/a> \u00e0 Montreuil, qui con\u00e7oit et met en place des ateliers d\u2019\u00e9criture pour tous les publics ;\u00a0<a href=\"http:\/\/www.jeuxfasol.com\/\">FaSol<\/a> \u00e0 Rosny-sous-Bois, acteur de l&rsquo;insertion, dont l&rsquo;activit\u00e9 est centr\u00e9e sur les prestations d\u2019animation avec ses jeux en bois cr\u00e9\u00e9s et fabriqu\u00e9s sur place, de fa\u00e7on artisanale, \u00e0 partir de bois r\u00e9cup\u00e9r\u00e9 et recycl\u00e9.<\/p>\n<p>Dans\u00a0les\u00a0<strong><span style=\"color: #800000;\">lieux conviviaux et inspirants<\/span><\/strong> qui nous accueillent \u00e0 Montreuil, nous proposons des ateliers cr\u00e9atifs destin\u00e9s au jeune public : <a href=\"http:\/\/lafabu.fr\/\" target=\"_blank\" rel=\"noopener\">La FabU<\/a>, le resto-bar du cin\u00e9ma Georges M\u00e9li\u00e8s, qui propose une carte simple, des produits frais, une cuisine maison pour tous les go\u00fbts et les budgets ; <a href=\"http:\/\/www.fatimatasy.com\/\" target=\"_blank\" rel=\"noopener\">by FatimataSY<\/a>,\u00a0atelier de cr\u00e9ations de v\u00eatements sur mesure &amp; concept store \u00e9thique ; <a href=\"http:\/\/desriresetdeslivres.fr\/\" target=\"_blank\" rel=\"noopener\">des Rires et des Livres<\/a>, librairie jeunesse qui propose livres, albums, jouets et kits cr\u00e9atifs ; <a href=\"https:\/\/lamaisonouvertemontreuil.wordpress.com\/\" target=\"_blank\" rel=\"noopener\">La Maison Ouverte<\/a>,\u00a0lieu d\u2019accueil, de partage et de citoyennet\u00e9.<\/p>\n<p>Pour nos partenaires <strong><span style=\"color: #800000;\">gestionnaires de lieux de vie<\/span><\/strong>, nous animons des ateliers participatifs avec les r\u00e9sidents pour encourager la convivialit\u00e9 et les \u00e9changes : <a href=\"http:\/\/etic.co\/\" target=\"_blank\" rel=\"noopener\">Etic<\/a>, gestionnaire\u00a0et animateur d&rsquo;espaces de bureaux partag\u00e9s d\u00e9di\u00e9s aux acteurs du changement soci\u00e9tal, et \u00e0 haute qualit\u00e9 sociale et environnementale ; L&rsquo;<a href=\"http:\/\/www.ophmontreuillois.fr\/\" target=\"_blank\" rel=\"noopener\">Office Public de l&rsquo;Habitat Montreuillois,\u00a0<\/a>\u00a0<a href=\"http:\/\/www.icfhabitat.fr\/sabliere\/\" target=\"_blank\" rel=\"noopener\">ICF Habitat La Sabli\u00e8re<\/a>, <a href=\"https:\/\/www.rivp.fr\/\">RIVP<\/a>, <a href=\"https:\/\/www.batigere.fr\/\">Batig\u00e8re<\/a>, acteurs de l&rsquo;habitat social.<\/p>\n<p><strong>Contact<\/strong> : Sophie au 06 85 33 43 50 ou par mail : contact(at)lescuriosites.org<\/p>\n<p>Rejoignez-nous sur notre page <a href=\"https:\/\/www.facebook.com\/lescuriosites.ateliers.creatifs\/\">facebook<\/a> !<\/p>\n<p>Association montreuilloise d\u00e9clar\u00e9e loi de 1901<br \/>\nSiret : 819 749 730 00019<\/p>\n","protected":false},"excerpt":{"rendered":"<p>Structure associative bas\u00e9e \u00e0 Montreuil, notre but est d&rsquo;encourager les pratiques artistiques aupr\u00e8s de tous les publics. Nous concevons et animons des ateliers d&rsquo;expression artistiques et de loisirs destin\u00e9s aux enfants, adultes et adolescents, en allant \u00e0 la rencontre des &hellip; <a href=\"https:\/\/lescuriosites.fr\/index.php\/accueil\/les-curiosites\/\">Lire la suite <span class=\"meta-nav\">&rarr;<\/span><\/a><\/p>\n","protected":false},"author":1,"featured_media":644,"parent":25,"menu_order":0,"comment_status":"closed","ping_status":"closed","template":"","meta":[],"_links":{"self":[{"href":"https:\/\/lescuriosites.fr\/index.php\/wp-json\/wp\/v2\/pages\/13"}],"collection":[{"href":"https:\/\/lescuriosites.fr\/index.php\/wp-json\/wp\/v2\/pages"}],"about":[{"href":"https:\/\/lescuriosites.fr\/index.php\/wp-json\/wp\/v2\/types\/page"}],"author":[{"embeddable":true,"href":"https:\/\/lescuriosites.fr\/index.php\/wp-json\/wp\/v2\/users\/1"}],"replies":[{"embeddable":true,"href":"https:\/\/lescuriosites.fr\/index.php\/wp-json\/wp\/v2\/comments?post=13"}],"version-history":[{"count":21,"href":"https:\/\/lescuriosites.fr\/index.php\/wp-json\/wp\/v2\/pages\/13\/revisions"}],"predecessor-version":[{"id":911,"href":"https:\/\/lescuriosites.fr\/index.php\/wp-json\/wp\/v2\/pages\/13\/revisions\/911"}],"up":[{"embeddable":true,"href":"https:\/\/lescuriosites.fr\/index.php\/wp-json\/wp\/v2\/pages\/25"}],"wp:featuredmedia":[{"embeddable":true,"href":"https:\/\/lescuriosites.fr\/index.php\/wp-json\/wp\/v2\/media\/644"}],"wp:attachment":[{"href":"https:\/\/lescuriosites.fr\/index.php\/wp-json\/wp\/v2\/media?parent=13"}],"curies":[{"name":"wp","href":"https:\/\/api.w.org\/{rel}","templated":true}]}}