{"id":552,"date":"2017-12-14T19:15:28","date_gmt":"2017-12-14T18:15:28","guid":{"rendered":"http:\/\/lescuriosites.fr\/?page_id=552"},"modified":"2021-09-23T11:39:05","modified_gmt":"2021-09-23T10:39:05","slug":"on-parle-de-nous","status":"publish","type":"page","link":"https:\/\/lescuriosites.fr\/index.php\/accueil\/on-parle-de-nous\/","title":{"rendered":"On parle de nous"},"content":{"rendered":"<p><span style=\"color: #800000;\"><em><strong>Le Montreuillois, mai 2021 :<\/strong><\/em><\/span><\/p>\n<p><img decoding=\"async\" loading=\"lazy\" class=\"alignleft size-full wp-image-1152\" src=\"http:\/\/lescuriosites.fr\/wp-content\/uploads\/2017\/12\/2021_5_EXTRAITRCM.png\" alt=\"\" width=\"615\" height=\"474\" srcset=\"https:\/\/lescuriosites.fr\/wp-content\/uploads\/2017\/12\/2021_5_EXTRAITRCM.png 615w, https:\/\/lescuriosites.fr\/wp-content\/uploads\/2017\/12\/2021_5_EXTRAITRCM-300x231.png 300w, https:\/\/lescuriosites.fr\/wp-content\/uploads\/2017\/12\/2021_5_EXTRAITRCM-389x300.png 389w\" sizes=\"(max-width: 615px) 100vw, 615px\" \/><\/p>\n<p>&nbsp;<\/p>\n<p><span style=\"color: #800000;\"><em><strong>Le Montreuillois, d\u00e9cembre 2020 :<\/strong><\/em><\/span><\/p>\n<p><img decoding=\"async\" loading=\"lazy\" class=\"alignleft size-full wp-image-1151\" src=\"http:\/\/lescuriosites.fr\/wp-content\/uploads\/2017\/12\/2020_12_LM_EXTRAITGenerationsCouleurs.jpg\" alt=\"\" width=\"1330\" height=\"1501\" srcset=\"https:\/\/lescuriosites.fr\/wp-content\/uploads\/2017\/12\/2020_12_LM_EXTRAITGenerationsCouleurs.jpg 1330w, https:\/\/lescuriosites.fr\/wp-content\/uploads\/2017\/12\/2020_12_LM_EXTRAITGenerationsCouleurs-266x300.jpg 266w, https:\/\/lescuriosites.fr\/wp-content\/uploads\/2017\/12\/2020_12_LM_EXTRAITGenerationsCouleurs-768x867.jpg 768w, https:\/\/lescuriosites.fr\/wp-content\/uploads\/2017\/12\/2020_12_LM_EXTRAITGenerationsCouleurs-907x1024.jpg 907w\" sizes=\"(max-width: 1330px) 100vw, 1330px\" \/><\/p>\n<p>&nbsp;<\/p>\n<p><span style=\"color: #800000;\"><em><strong>Le Montreuillois, septembre 2020 :<\/strong><\/em><\/span><\/p>\n<p><img decoding=\"async\" loading=\"lazy\" class=\"alignleft size-full wp-image-1150\" src=\"http:\/\/lescuriosites.fr\/wp-content\/uploads\/2017\/12\/2020_09_LM_EXTRAITFresqueJeanMouin.jpg\" alt=\"\" width=\"690\" height=\"1107\" srcset=\"https:\/\/lescuriosites.fr\/wp-content\/uploads\/2017\/12\/2020_09_LM_EXTRAITFresqueJeanMouin.jpg 690w, https:\/\/lescuriosites.fr\/wp-content\/uploads\/2017\/12\/2020_09_LM_EXTRAITFresqueJeanMouin-187x300.jpg 187w, https:\/\/lescuriosites.fr\/wp-content\/uploads\/2017\/12\/2020_09_LM_EXTRAITFresqueJeanMouin-638x1024.jpg 638w\" sizes=\"(max-width: 690px) 100vw, 690px\" \/><\/p>\n<p><span style=\"color: #800000;\"><em><strong>Lib\u00e9ration, Juin 2020<\/strong><\/em><\/span><\/p>\n<p><img decoding=\"async\" loading=\"lazy\" class=\"alignleft size-full wp-image-1149\" src=\"http:\/\/lescuriosites.fr\/wp-content\/uploads\/2017\/12\/2020_06_Article-Libe\u0301.jpg\" alt=\"\" width=\"2928\" height=\"2928\" srcset=\"https:\/\/lescuriosites.fr\/wp-content\/uploads\/2017\/12\/2020_06_Article-Libe\u0301.jpg 2928w, https:\/\/lescuriosites.fr\/wp-content\/uploads\/2017\/12\/2020_06_Article-Libe\u0301-150x150.jpg 150w, https:\/\/lescuriosites.fr\/wp-content\/uploads\/2017\/12\/2020_06_Article-Libe\u0301-300x300.jpg 300w, https:\/\/lescuriosites.fr\/wp-content\/uploads\/2017\/12\/2020_06_Article-Libe\u0301-768x768.jpg 768w, https:\/\/lescuriosites.fr\/wp-content\/uploads\/2017\/12\/2020_06_Article-Libe\u0301-1024x1024.jpg 1024w\" sizes=\"(max-width: 2928px) 100vw, 2928px\" \/><\/p>\n<p><span style=\"color: #800000;\"><em><strong>Le Montreuillois, janvier 2020 :<\/strong><\/em><\/span><\/p>\n<p><img decoding=\"async\" loading=\"lazy\" class=\"alignleft size-full wp-image-1148\" src=\"http:\/\/lescuriosites.fr\/wp-content\/uploads\/2017\/12\/2020_01_LM_EXTRAITDixHistoires.jpg\" alt=\"\" width=\"1309\" height=\"1634\" srcset=\"https:\/\/lescuriosites.fr\/wp-content\/uploads\/2017\/12\/2020_01_LM_EXTRAITDixHistoires.jpg 1309w, https:\/\/lescuriosites.fr\/wp-content\/uploads\/2017\/12\/2020_01_LM_EXTRAITDixHistoires-240x300.jpg 240w, https:\/\/lescuriosites.fr\/wp-content\/uploads\/2017\/12\/2020_01_LM_EXTRAITDixHistoires-768x959.jpg 768w, https:\/\/lescuriosites.fr\/wp-content\/uploads\/2017\/12\/2020_01_LM_EXTRAITDixHistoires-820x1024.jpg 820w\" sizes=\"(max-width: 1309px) 100vw, 1309px\" \/><\/p>\n<p><em><strong><span style=\"color: #993300;\">Le Montreuillois, juin 2019 :<\/span><\/strong><\/em><\/p>\n<p><img decoding=\"async\" loading=\"lazy\" class=\"alignleft wp-image-912 size-large\" src=\"http:\/\/lescuriosites.fr\/wp-content\/uploads\/2017\/12\/2019_Le_Montreuillois_EPABR_Detail-1024x795.jpg\" alt=\"\" width=\"584\" height=\"453\" srcset=\"https:\/\/lescuriosites.fr\/wp-content\/uploads\/2017\/12\/2019_Le_Montreuillois_EPABR_Detail-1024x795.jpg 1024w, https:\/\/lescuriosites.fr\/wp-content\/uploads\/2017\/12\/2019_Le_Montreuillois_EPABR_Detail-300x233.jpg 300w, https:\/\/lescuriosites.fr\/wp-content\/uploads\/2017\/12\/2019_Le_Montreuillois_EPABR_Detail-768x596.jpg 768w, https:\/\/lescuriosites.fr\/wp-content\/uploads\/2017\/12\/2019_Le_Montreuillois_EPABR_Detail-386x300.jpg 386w, https:\/\/lescuriosites.fr\/wp-content\/uploads\/2017\/12\/2019_Le_Montreuillois_EPABR_Detail.jpg 1289w\" sizes=\"(max-width: 584px) 100vw, 584px\" \/><\/p>\n<p><em><strong><span style=\"color: #993300;\">Rapport d&rsquo;activit\u00e9 2018 de la Fondation d&rsquo;entreprise Air France :<\/span><\/strong><\/em><\/p>\n<p><a href=\"http:\/\/lescuriosites.fr\/wp-content\/uploads\/2017\/12\/Fondation-Air-France.jpg\" target=\"_blank\" rel=\"noopener\"><img decoding=\"async\" loading=\"lazy\" class=\"alignleft wp-image-922 size-full\" src=\"http:\/\/lescuriosites.fr\/wp-content\/uploads\/2017\/12\/Fondation-Air-France.jpg\" alt=\"\" width=\"3320\" height=\"2490\" srcset=\"https:\/\/lescuriosites.fr\/wp-content\/uploads\/2017\/12\/Fondation-Air-France.jpg 3320w, https:\/\/lescuriosites.fr\/wp-content\/uploads\/2017\/12\/Fondation-Air-France-300x225.jpg 300w, https:\/\/lescuriosites.fr\/wp-content\/uploads\/2017\/12\/Fondation-Air-France-768x576.jpg 768w, https:\/\/lescuriosites.fr\/wp-content\/uploads\/2017\/12\/Fondation-Air-France-1024x768.jpg 1024w, https:\/\/lescuriosites.fr\/wp-content\/uploads\/2017\/12\/Fondation-Air-France-400x300.jpg 400w\" sizes=\"(max-width: 3320px) 100vw, 3320px\" \/><\/a><\/p>\n<p><em><strong><span style=\"color: #993300;\">Le Montreuillois, avril 2019 :<\/span><\/strong><\/em><\/p>\n<p><img decoding=\"async\" loading=\"lazy\" class=\"alignleft wp-image-914 size-full\" src=\"http:\/\/lescuriosites.fr\/wp-content\/uploads\/2017\/12\/2019_Le-Montreuillois_Colorer_la_Vie.jpg\" alt=\"\" width=\"1350\" height=\"1669\" srcset=\"https:\/\/lescuriosites.fr\/wp-content\/uploads\/2017\/12\/2019_Le-Montreuillois_Colorer_la_Vie.jpg 1350w, https:\/\/lescuriosites.fr\/wp-content\/uploads\/2017\/12\/2019_Le-Montreuillois_Colorer_la_Vie-243x300.jpg 243w, https:\/\/lescuriosites.fr\/wp-content\/uploads\/2017\/12\/2019_Le-Montreuillois_Colorer_la_Vie-768x949.jpg 768w, https:\/\/lescuriosites.fr\/wp-content\/uploads\/2017\/12\/2019_Le-Montreuillois_Colorer_la_Vie-828x1024.jpg 828w\" sizes=\"(max-width: 1350px) 100vw, 1350px\" \/><\/p>\n<p><em><strong><span style=\"color: #993300;\">Le Montreuillois, octobre 2018 :<\/span><\/strong><\/em><\/p>\n<p><img decoding=\"async\" loading=\"lazy\" class=\"aligncenter wp-image-808 size-large\" src=\"http:\/\/lescuriosites.fr\/wp-content\/uploads\/2017\/12\/Article-Montreuillois-Passeurs-de-Me\u0301moire-825x1024.jpg\" alt=\"\" width=\"584\" height=\"725\" srcset=\"https:\/\/lescuriosites.fr\/wp-content\/uploads\/2017\/12\/Article-Montreuillois-Passeurs-de-Me\u0301moire-825x1024.jpg 825w, https:\/\/lescuriosites.fr\/wp-content\/uploads\/2017\/12\/Article-Montreuillois-Passeurs-de-Me\u0301moire-242x300.jpg 242w, https:\/\/lescuriosites.fr\/wp-content\/uploads\/2017\/12\/Article-Montreuillois-Passeurs-de-Me\u0301moire-768x954.jpg 768w, https:\/\/lescuriosites.fr\/wp-content\/uploads\/2017\/12\/Article-Montreuillois-Passeurs-de-Me\u0301moire.jpg 1286w\" sizes=\"(max-width: 584px) 100vw, 584px\" \/><\/p>\n<p><span style=\"color: #993300;\"><em><strong>Voisins Voisines, le magazine de l&rsquo;OPH Montreuillois, d\u00e9cembre 2017 :\u00a0<\/strong><\/em><\/span><\/p>\n<p><img decoding=\"async\" loading=\"lazy\" class=\"alignleft wp-image-555 size-full\" src=\"http:\/\/lescuriosites.fr\/wp-content\/uploads\/2017\/12\/VoisinsVoisines.jpg\" alt=\"\" width=\"3541\" height=\"2313\" srcset=\"https:\/\/lescuriosites.fr\/wp-content\/uploads\/2017\/12\/VoisinsVoisines.jpg 3541w, https:\/\/lescuriosites.fr\/wp-content\/uploads\/2017\/12\/VoisinsVoisines-300x196.jpg 300w, https:\/\/lescuriosites.fr\/wp-content\/uploads\/2017\/12\/VoisinsVoisines-768x502.jpg 768w, https:\/\/lescuriosites.fr\/wp-content\/uploads\/2017\/12\/VoisinsVoisines-1024x669.jpg 1024w, https:\/\/lescuriosites.fr\/wp-content\/uploads\/2017\/12\/VoisinsVoisines-459x300.jpg 459w\" sizes=\"(max-width: 3541px) 100vw, 3541px\" \/><\/p>\n<p><em><strong><span style=\"color: #993300;\">Le Montreuillois, novembre 2017 :<\/span><\/strong><\/em><\/p>\n<p><img decoding=\"async\" loading=\"lazy\" class=\"alignleft wp-image-556 size-large\" src=\"http:\/\/lescuriosites.fr\/wp-content\/uploads\/2017\/12\/Montreuillois231117-1024x1024.jpg\" alt=\"\" width=\"584\" height=\"584\" srcset=\"https:\/\/lescuriosites.fr\/wp-content\/uploads\/2017\/12\/Montreuillois231117-1024x1024.jpg 1024w, https:\/\/lescuriosites.fr\/wp-content\/uploads\/2017\/12\/Montreuillois231117-150x150.jpg 150w, https:\/\/lescuriosites.fr\/wp-content\/uploads\/2017\/12\/Montreuillois231117-300x300.jpg 300w, https:\/\/lescuriosites.fr\/wp-content\/uploads\/2017\/12\/Montreuillois231117-768x768.jpg 768w\" sizes=\"(max-width: 584px) 100vw, 584px\" \/><\/p>\n<p><em><strong><span style=\"color: #993300;\">Le Montreuillois, d\u00e9cembre 2016 :<\/span><\/strong><\/em><\/p>\n<p><img decoding=\"async\" loading=\"lazy\" class=\"alignleft wp-image-554 size-large\" src=\"http:\/\/lescuriosites.fr\/wp-content\/uploads\/2017\/12\/Le-Montreuillois-1024x622.png\" alt=\"\" width=\"584\" height=\"355\" srcset=\"https:\/\/lescuriosites.fr\/wp-content\/uploads\/2017\/12\/Le-Montreuillois-1024x622.png 1024w, https:\/\/lescuriosites.fr\/wp-content\/uploads\/2017\/12\/Le-Montreuillois-300x182.png 300w, https:\/\/lescuriosites.fr\/wp-content\/uploads\/2017\/12\/Le-Montreuillois-768x467.png 768w, https:\/\/lescuriosites.fr\/wp-content\/uploads\/2017\/12\/Le-Montreuillois-494x300.png 494w, https:\/\/lescuriosites.fr\/wp-content\/uploads\/2017\/12\/Le-Montreuillois.png 1261w\" sizes=\"(max-width: 584px) 100vw, 584px\" \/><\/p>\n","protected":false},"excerpt":{"rendered":"<p>Le Montreuillois, mai 2021 : &nbsp; Le Montreuillois, d\u00e9cembre 2020 : &nbsp; Le Montreuillois, septembre 2020 : Lib\u00e9ration, Juin 2020 Le Montreuillois, janvier 2020 : Le Montreuillois, juin 2019 : Rapport d&rsquo;activit\u00e9 2018 de la Fondation d&rsquo;entreprise Air France : &hellip; <a href=\"https:\/\/lescuriosites.fr\/index.php\/accueil\/on-parle-de-nous\/\">Lire la suite <span class=\"meta-nav\">&rarr;<\/span><\/a><\/p>\n","protected":false},"author":1,"featured_media":0,"parent":25,"menu_order":0,"comment_status":"closed","ping_status":"closed","template":"","meta":[],"_links":{"self":[{"href":"https:\/\/lescuriosites.fr\/index.php\/wp-json\/wp\/v2\/pages\/552"}],"collection":[{"href":"https:\/\/lescuriosites.fr\/index.php\/wp-json\/wp\/v2\/pages"}],"about":[{"href":"https:\/\/lescuriosites.fr\/index.php\/wp-json\/wp\/v2\/types\/page"}],"author":[{"embeddable":true,"href":"https:\/\/lescuriosites.fr\/index.php\/wp-json\/wp\/v2\/users\/1"}],"replies":[{"embeddable":true,"href":"https:\/\/lescuriosites.fr\/index.php\/wp-json\/wp\/v2\/comments?post=552"}],"version-history":[{"count":10,"href":"https:\/\/lescuriosites.fr\/index.php\/wp-json\/wp\/v2\/pages\/552\/revisions"}],"predecessor-version":[{"id":1153,"href":"https:\/\/lescuriosites.fr\/index.php\/wp-json\/wp\/v2\/pages\/552\/revisions\/1153"}],"up":[{"embeddable":true,"href":"https:\/\/lescuriosites.fr\/index.php\/wp-json\/wp\/v2\/pages\/25"}],"wp:attachment":[{"href":"https:\/\/lescuriosites.fr\/index.php\/wp-json\/wp\/v2\/media?parent=552"}],"curies":[{"name":"wp","href":"https:\/\/api.w.org\/{rel}","templated":true}]}}